{"id":6,"date":"2018-06-12T07:43:16","date_gmt":"2018-06-12T07:43:16","guid":{"rendered":"http:\/\/sw-themes.com\/porto_dummy\/classic-one-page\/?page_id=6"},"modified":"2023-06-25T10:21:23","modified_gmt":"2023-06-25T10:21:23","slug":"home","status":"publish","type":"page","link":"https:\/\/www.amazinghoney.org\/","title":{"rendered":"Amazing Honey"},"content":{"rendered":"<p>[vc_row full_width=&#8221;stretch_row_content_no_spaces&#8221; el_id=&#8221;home&#8221;][vc_column offset=&#8221;vc_hidden-xs&#8221;][\/vc_column][\/vc_row][vc_row][vc_column]<div class=\"porto-image-frame \"><img loading=\"lazy\" decoding=\"async\" alt=\"\" src=\"\/\/www.amazinghoney.org\/wp-content\/uploads\/2023\/06\/amazinghoney.org-1-scaled.jpg\" class=\"img-responsive img-rounded\" width=\"2560\" height=\"1438\"><\/div>[\/vc_column][\/vc_row][vc_row full_width=&#8221;stretch_row_content_no_spaces&#8221;][vc_column offset=&#8221;vc_hidden-lg vc_hidden-md vc_hidden-sm&#8221;][\/vc_column][\/vc_row][vc_row wrap_container=&#8221;yes&#8221; is_section=&#8221;yes&#8221; section_skin=&#8221;primary&#8221; remove_margin_top=&#8221;yes&#8221; remove_margin_bottom=&#8221;yes&#8221; remove_border=&#8221;yes&#8221; el_id=&#8221;services&#8221; css=&#8221;.vc_custom_1545570607736{padding-top: 90px !important;}&#8221;][vc_column]<div class=\"porto-u-heading  wpb_custom_95aa9a11c17ad45cfabaf210d84ee7cc\" data-hspacer=\"no_spacer\" data-halign=\"center\" style=\"text-align:center\" data-appear-animation=\"fadeInUp\"><div class=\"porto-u-main-heading\"><h2   style=\"font-weight:700;color:#ffffff;margin-bottom: 10px;font-size:30px;\">HAKKIMIZDA<\/h2><\/div><div class=\"porto-u-sub-heading\" style=\"color: rgba(255,255,255,0.7);margin-bottom:60px;\"><strong>\u00dcr\u00fcn \u00d6zellikleri<\/strong><\/div><\/div>[vc_row_inner][vc_column_inner width=&#8221;1\/2&#8243; animation_delay=&#8221;300&#8243; animation_type=&#8221;fadeInRight&#8221;][vc_single_image image=&#8221;889&#8243; img_size=&#8221;360&#215;300&#8243;][\/vc_column_inner][vc_column_inner width=&#8221;1\/2&#8243; animation_type=&#8221;fadeInUp&#8221;]<div class=\"porto-sicon-box mb-5  wpb_custom_1efe903570d178ff0a9b7bfa5febd3a4 style_1 left-icon\"><div class=\"porto-sicon-left\"><div class=\"porto-just-icon-wrapper porto-icon none\" style=\"color:#ffffff;font-size:27px;\"><i class=\"Simple-Line-Icons-layers\"><\/i><\/div><\/div><div class=\"porto-sicon-body\"><div class=\"porto-sicon-header\"><h3 class=\"porto-sicon-title\" style=\"font-weight:700;font-size:16.8px;line-height:12px;\">Amazing Honey<\/h3><\/div> <!-- header --><div class=\"porto-sicon-description\" style=\"color:rgba(255,255,255,0.7);\">kar\u0131\u015f\u0131m\u0131, d\u00fczg\u00fcn v\u00fccut olu\u015fumu i\u00e7in geni\u015f bir enerji kayna\u011f\u0131d\u0131r ve cinsel iktidars\u0131zl\u0131k ve k\u0131s\u0131rl\u0131\u011f\u0131n tedavisinde mucizedir.<\/div> <!-- description --><\/div><\/div><!-- porto-sicon-box --><div class=\"porto-sicon-box mb-5  wpb_custom_1efe903570d178ff0a9b7bfa5febd3a4 style_1 left-icon\"><div class=\"porto-sicon-left\"><div class=\"porto-just-icon-wrapper porto-icon none\" style=\"color:#ffffff;font-size:27px;\"><i class=\"Simple-Line-Icons-layers\"><\/i><\/div><\/div><div class=\"porto-sicon-body\"><div class=\"porto-sicon-header\"><h3 class=\"porto-sicon-title\" style=\"font-weight:700;font-size:16.8px;line-height:12px;\">\u00dcr\u00fcn \u00d6zellikleri<\/h3><\/div> <!-- header --><div class=\"porto-sicon-description\" style=\"color:rgba(255,255,255,0.7);\">\n<ul>\n<li><span style=\"font-size: 16px;\">Cinsel iste\u011fi art\u0131r\u0131r.<\/span><\/li>\n<li><span style=\"font-size: 16px;\">Yorgun hissetmeden ereksiyonu g\u00fc\u00e7lendirir<\/span><\/li>\n<li><span style=\"font-size: 16px;\">\u0130stikrarl\u0131 bir cinsel performans nedeniyle kendine g\u00fcveni art\u0131r\u0131r.<\/span><\/li>\n<li><span style=\"font-size: 16px;\">Testosteron seviyelerini artt\u0131r\u0131r.<\/span><\/li>\n<li><span style=\"font-size: 16px;\">Erke\u011fin \u00fcretken sisteminde prostat sorunlar\u0131n\u0131 ve hastal\u0131klar\u0131n\u0131 azalt\u0131r.<\/span><\/li>\n<\/ul>\n<p><\/div> <!-- description --><\/div><\/div><!-- porto-sicon-box -->[\/vc_column_inner][\/vc_row_inner][vc_row_inner][vc_column_inner width=&#8221;1\/3&#8243; animation_delay=&#8221;300&#8243; animation_type=&#8221;fadeInRight&#8221;][vc_single_image image=&#8221;893&#8243; img_size=&#8221;360&#215;300&#8243;][\/vc_column_inner][vc_column_inner width=&#8221;1\/3&#8243; animation_type=&#8221;fadeInUp&#8221;][vc_single_image image=&#8221;894&#8243; img_size=&#8221;360&#215;300&#8243;][\/vc_column_inner][vc_column_inner width=&#8221;1\/3&#8243;][vc_single_image image=&#8221;896&#8243; img_size=&#8221;360&#215;300&#8243;][\/vc_column_inner][\/vc_row_inner][\/vc_column][\/vc_row][vc_row content_placement=&#8221;middle&#8221; no_padding=&#8221;yes&#8221; el_id=&#8221;contact&#8221; css=&#8221;.vc_custom_1657993942998{background-color: #3e4a6b !important;}&#8221;][vc_column width=&#8221;1\/6&#8243;][\/vc_column][vc_column width=&#8221;2\/3&#8243;][vc_column_text][\/vc_column_text]<div class=\"porto-u-heading  wpb_custom_95aa9a11c17ad45cfabaf210d84ee7cc\" data-hspacer=\"no_spacer\" data-halign=\"center\" style=\"text-align:center\" data-appear-animation=\"fadeInUp\"><div class=\"porto-u-main-heading\"><h2   style=\"font-weight:700;color:#ffffff;margin-bottom: 10px;font-size:30px;\">BAY\u0130 BA\u015eVURU FORMU<\/h2><\/div><\/div>[vc_column_text css=&#8221;.vc_custom_1658000734624{margin-right: 30px !important;margin-left: 30px !important;}&#8221;]<div id=\"quform-f6a01e\" class=\"quform quform-1 quform-support-page-caching\"><form id=\"quform-form-f6a01e\" class=\"quform-form quform-form-1\" action=\"\/index.php\/wp-json\/wp\/v2\/pages\/6#quform-f6a01e\" method=\"post\" enctype=\"multipart\/form-data\" novalidate=\"novalidate\" data-options=\"{&quot;id&quot;:1,&quot;uniqueId&quot;:&quot;f6a01e&quot;,&quot;theme&quot;:&quot;&quot;,&quot;ajax&quot;:true,&quot;logic&quot;:{&quot;logic&quot;:[],&quot;dependents&quot;:[],&quot;elementIds&quot;:[],&quot;dependentElementIds&quot;:[],&quot;animate&quot;:true},&quot;currentPageId&quot;:1,&quot;errorsIcon&quot;:&quot;&quot;,&quot;updateFancybox&quot;:true,&quot;hasPages&quot;:false,&quot;pages&quot;:[1],&quot;pageProgressType&quot;:&quot;numbers&quot;,&quot;tooltipsEnabled&quot;:true,&quot;tooltipClasses&quot;:&quot;qtip-quform-dark qtip-shadow&quot;,&quot;tooltipMy&quot;:&quot;left center&quot;,&quot;tooltipAt&quot;:&quot;right center&quot;,&quot;isRtl&quot;:false,&quot;scrollOffset&quot;:-50,&quot;scrollSpeed&quot;:800}\"><button class=\"quform-default-submit\" name=\"quform_submit\" type=\"submit\" value=\"submit\" aria-hidden=\"true\" tabindex=\"-1\"><\/button><div class=\"quform-form-inner quform-form-inner-1\"><input type=\"hidden\" name=\"quform_form_id\" value=\"1\" \/><input type=\"hidden\" name=\"quform_form_uid\" value=\"f6a01e\" \/><input type=\"hidden\" name=\"quform_count\" value=\"1\" \/><input type=\"hidden\" name=\"form_url\" value=\"https:\/\/www.amazinghoney.org\/index.php\/wp-json\/wp\/v2\/pages\/6\" \/><input type=\"hidden\" name=\"referring_url\" value=\"\" \/><input type=\"hidden\" name=\"post_id\" value=\"\" \/><input type=\"hidden\" name=\"post_title\" value=\"\" \/><input type=\"hidden\" name=\"quform_current_page_id\" value=\"1\" \/><input type=\"hidden\" name=\"quform_csrf_token\" value=\"KWHNsqYySfClPeb3rhvMnKHCZworzWjoNXNV2SDx\" \/><div class=\"quform-elements quform-elements-1 quform-cf quform-responsive-elements-phone-landscape\"><div class=\"quform-element quform-element-page quform-page-1 quform-page-1_1 quform-cf quform-group-style-plain quform-first-page quform-last-page quform-current-page\"><div class=\"quform-child-elements\"><div class=\"quform-element quform-element-name quform-element-1_3 quform-cf quform-element-optional\"><div class=\"quform-spacer\"><div class=\"quform-label quform-label-1_3\"><label class=\"quform-label-text\" id=\"quform_1_3_f6a01e_label\">Ad Soyad<\/label><\/div><div class=\"quform-inner quform-inner-name quform-inner-1_3\"><div class=\"quform-input quform-input-name quform-input-1_3 quform-cf\"><div class=\"quform-element-row quform-2-columns quform-element-row-size-fixed quform-responsive-columns-phone-landscape\"><div class=\"quform-element-column\"><div class=\"quform-element quform-element-text quform-element-1_3_2 quform-cf quform-element-optional\"><div class=\"quform-spacer\"><div class=\"quform-inner quform-inner-text quform-inner-1_3_2\"><div class=\"quform-input quform-input-text quform-input-1_3_2 quform-cf\"><input type=\"text\" id=\"quform_1_3_2_f6a01e\" name=\"quform_1_3[2]\" class=\"quform-field quform-field-text quform-field-1_3_2\" aria-labelledby=\"quform_1_3_f6a01e_label\" \/><\/div><\/div><\/div><\/div><\/div><div class=\"quform-element-column\"><div class=\"quform-element quform-element-text quform-element-1_3_4 quform-cf quform-element-optional\"><div class=\"quform-spacer\"><div class=\"quform-inner quform-inner-text quform-inner-1_3_4\"><div class=\"quform-input quform-input-text quform-input-1_3_4 quform-cf\"><input type=\"text\" id=\"quform_1_3_4_f6a01e\" name=\"quform_1_3[4]\" class=\"quform-field quform-field-text quform-field-1_3_4\" aria-labelledby=\"quform_1_3_f6a01e_label\" \/><\/div><\/div><\/div><\/div><\/div><\/div><\/div><\/div><\/div><\/div><div class=\"quform-element quform-element-text quform-element-1_4 quform-cf quform-element-optional\"><div class=\"quform-spacer\"><div class=\"quform-label quform-label-1_4\"><label class=\"quform-label-text\" for=\"quform_1_4_f6a01e\">Telefon Numaras\u0131<\/label><\/div><div class=\"quform-inner quform-inner-text quform-inner-1_4\"><div class=\"quform-input quform-input-text quform-input-1_4 quform-cf\"><input type=\"text\" id=\"quform_1_4_f6a01e\" name=\"quform_1_4\" class=\"quform-field quform-field-text quform-field-1_4\" \/><\/div><\/div><\/div><\/div><div class=\"quform-element quform-element-email quform-element-1_5 quform-cf quform-element-required\"><div class=\"quform-spacer\"><div class=\"quform-label quform-label-1_5\"><label class=\"quform-label-text\" for=\"quform_1_5_f6a01e\">E-posta adresi<span class=\"quform-required\">*<\/span><\/label><\/div><div class=\"quform-inner quform-inner-email quform-inner-1_5\"><div class=\"quform-input quform-input-email quform-input-1_5 quform-cf\"><input type=\"email\" id=\"quform_1_5_f6a01e\" name=\"quform_1_5\" class=\"quform-field quform-field-email quform-field-1_5\" \/><\/div><\/div><\/div><\/div><div class=\"quform-element quform-element-select quform-element-1_6 quform-cf quform-element-optional\"><div class=\"quform-spacer\"><div class=\"quform-label quform-label-1_6\"><label class=\"quform-label-text\" for=\"quform_1_6_f6a01e\">Konu<\/label><\/div><div class=\"quform-inner quform-inner-select quform-inner-1_6\"><div class=\"quform-input quform-input-select quform-input-1_6 quform-cf\"><select id=\"quform_1_6_f6a01e\" name=\"quform_1_6\" class=\"quform-field quform-field-select quform-field-1_6\"><option value=\"\" selected=\"selected\">Please select<\/option><option value=\"Bayilik Ba\u015fvurusu\">Bayilik Ba\u015fvurusu<\/option><option value=\"Toptan \u00dcr\u00fcn Al\u0131m\u0131\">Toptan \u00dcr\u00fcn Al\u0131m\u0131<\/option><option value=\"Di\u011fer\">Di\u011fer<\/option><\/select><\/div><\/div><\/div><\/div><div class=\"quform-element quform-element-textarea quform-element-1_7 quform-cf quform-element-optional\"><div class=\"quform-spacer\"><div class=\"quform-label quform-label-1_7\"><label class=\"quform-label-text\" for=\"quform_1_7_f6a01e\">Mesaj\u0131n\u0131z<\/label><\/div><div class=\"quform-inner quform-inner-textarea quform-inner-1_7\"><div class=\"quform-input quform-input-textarea quform-input-1_7 quform-cf\"><textarea id=\"quform_1_7_f6a01e\" name=\"quform_1_7\" class=\"quform-field quform-field-textarea quform-field-1_7\"><\/textarea><\/div><\/div><\/div><\/div><div class=\"quform-element quform-element-captcha quform-element-1_8 quform-cf quform-element-required\"><div class=\"quform-spacer\"><div class=\"quform-label quform-label-1_8\"><label class=\"quform-label-text\" for=\"quform_1_8_f6a01e\">L\u00fctfen karakterleri yaz\u0131n<span class=\"quform-required\">*<\/span><\/label><\/div><div class=\"quform-inner quform-inner-captcha quform-inner-1_8\"><div class=\"quform-input quform-input-captcha quform-input-1_8 quform-cf\"><input type=\"text\" id=\"quform_1_8_f6a01e\" name=\"quform_1_8\" class=\"quform-field quform-field-captcha quform-field-1_8\" \/><\/div><div class=\"quform-captcha quform-cf\"><div class=\"quform-captcha-image quform-captcha-image-1_8\"><img loading=\"lazy\" decoding=\"async\" src=\"data:image\/png;base64,iVBORw0KGgoAAAANSUhEUgAAAOYAAABQBAMAAAD\/1xTgAAAAG1BMVEX\/\/\/8iIiLj4+NZWVk9PT10dHTHx8eQkJCsrKz034VSAAAACXBIWXMAAA7EAAAOxAGVKw4bAAADfUlEQVRoge1YzVObQBRHSICjzxDjESZqPbqmX8egTe1RGq0eSaq1R9exTo6JrbV\/dncfLLCYBtjpMO0Mv5kMmRfe\/h7vm2hagwYNGjRo0OC\/Q39UO6UJcFI35zbARt2cFGCrZkodADo1c9qME9x6OQ3oAdzUy+nBBoH9ejkpnNC6E9eH0IOeqvajD6OwqpIJjtZiHzVc8gR05hW12tDVLNXEtQBRtdRasMm73409VqClEWfVFJzAkMd0lFfcGw\/OwwJdZmtnrl0Bc1UlBLw2A27sMCv+gYEqKFsjmg4sqEXWyeChvEIHZQkuI585q8\/yokhWHUw2dPQ7PP5WksbYXKlM49+DavVtQJfg6fOsdMICNftyV9SIA1jH66LAthy8yIc57\/jQdfGs1U4jCWelnrLglKPQZxmkJ0I9TigWqPUynLQaJ8\/YT\/zSu\/KHQmiK7CerAyXiSapyducaBjCzLZgii2k2UPrXh5zyJMpb5pYsp\/50Fq7k3LnAy0JOUpFTycAxn2bfmfCDrNyK4m1klxv9FEqVTlwtaYHSuOmLgCW1IzcJ5g\/nXjN9Ye7u40unD+U40bPHYeawMVarJUjaSPjKzy9rot9GpmHv4v3lvpiSq0otIZU7rhaR+5zeztWr\/kJwYq8mOGKmtNRgnEA3XCJmdh\/GX6ceZjKVnGtB73Nc3SheHGFISKmOb8\/c50LzNDsv1jBknjQIWEjCvfG7N\/3k8XFgqG\/Le8xTx6kpLQyZIfUIGs+TRWIb2+dYYqkuVywVOtkQR2xtqbHSZKwIFguXjqEaJQvlWzcraC\/hZL79qGFtJ1H2wTUU37hYbeBDXl8IiYXPYkmcrBfA+a+77D40gf01eUSVBoEDfrHThcVGNkOKlU7iSjlMRG3YmqjtcxY43wYP2NtEIzUxTzx5aWrHa19KooNTrjyfYS3uc+wqDtCxA5Oc33b8\/HpLKy9kMRbxMmRnFgV2FgtdfpM1H8\/k7bAFiu8EcRvtudcAQhaJDopUzaIdqoATOiR9MB+tKNYNFMuT+fbh2pcXP5ajR7MSuhPF8vR4jZhEWgeDMiUw5ZyhEmc0N\/nEf5\/IaAnObWYiUf1vgkb5vjtNRWXsD2C\/r5hCy+B68FSYQQQGf\/GvCdsJSrxm8rpW6wjLgC+3r0vcVfmd+8\/QB+c\/3eLbzDI3NWjQoEGDBg3+bfwGJwWKOlXhIcsAAAAASUVORK5CYII=\" alt=\"CAPTCHA image\" data-element-id=\"8\" width=\"115\" height=\"40\" \/><\/div><\/div><p class=\"quform-description quform-description-below\">Bu spam \u00f6nlememize yard\u0131mc\u0131 olur, te\u015fekk\u00fcrler.<\/p><\/div><\/div><\/div><div class=\"quform-element quform-element-submit quform-element-1_2 quform-cf quform-button-style-theme\"><div class=\"quform-button-submit quform-button-submit-default quform-button-submit-1_2\"><button name=\"quform_submit\" type=\"submit\" class=\"quform-submit\" value=\"submit\"><span class=\"quform-button-text quform-button-submit-text\">Send<\/span><\/button><\/div><div class=\"quform-loading quform-loading-position-left quform-loading-type-spinner-1\"><div class=\"quform-loading-inner\"><div class=\"quform-loading-spinner\"><div class=\"quform-loading-spinner-inner\"><\/div><\/div><\/div><\/div><\/div><div class=\"quform-element-tree\"><label for=\"quform_1_0_f6a01e\">This field should be left blank<\/label><input type=\"text\" id=\"quform_1_0_f6a01e\" name=\"quform_1_0\" class=\"quform-field quform-field-tree quform-field-1_0\" tabindex=\"-1\" autocomplete=\"off\" \/><\/div><\/div><\/div><\/div><\/div><\/form><\/div>[\/vc_column_text][\/vc_column][vc_column width=&#8221;1\/6&#8243;][\/vc_column][\/vc_row][vc_row wrap_container=&#8221;yes&#8221; text_align=&#8221;center&#8221; is_section=&#8221;yes&#8221; section_skin=&#8221;primary&#8221; remove_margin_top=&#8221;yes&#8221; remove_margin_bottom=&#8221;yes&#8221; remove_border=&#8221;yes&#8221; el_class=&#8221;footer-top-contact-us&#8221; css=&#8221;.vc_custom_1658000988296{border-top-width: -30px !important;border-bottom-width: -30px !important;}&#8221;][vc_column width=&#8221;1\/2&#8243;]<a class=\"porto-sicon-box-link\" href=\"tel:+905411919115\"><div class=\"porto-sicon-box  wpb_custom_1efe903570d178ff0a9b7bfa5febd3a4 style_1 default-icon\"><div class=\"porto-sicon-default\"><div class=\"porto-just-icon-wrapper porto-icon none\" data-appear-animation=\"fadeInLeft\" style=\"color:#ffffff;font-size:40px;\"><i class=\"Simple-Line-Icons-call-out\"><\/i><\/div><\/div><div class=\"porto-sicon-header\"><h5 class=\"porto-sicon-title\" style=\"font-weight:300;font-size:14px;line-height:16px;color:rgba(255,255,255,0.7);\">Telefon<\/h5><p style=\"font-weight:600;font-size:14px;color:#ffffff;\">90 (541) 191 91 15<\/p><\/div> <!-- header --><\/div><!-- porto-sicon-box --><\/a>[\/vc_column][vc_column width=&#8221;1\/2&#8243;]<a class=\"porto-sicon-box-link\" href=\"https:\/\/wa.me\/905411919115\"><div class=\"porto-sicon-box  wpb_custom_1efe903570d178ff0a9b7bfa5febd3a4 style_1 default-icon\"><div class=\"porto-sicon-default\"><div class=\"porto-just-icon-wrapper porto-icon none\" data-appear-animation=\"fadeInLeft\" style=\"color:#ffffff;font-size:50px;\"><i class=\"fab fa-whatsapp\"><\/i><\/div><\/div><div class=\"porto-sicon-header\"><h5 class=\"porto-sicon-title\" style=\"font-weight:300;font-size:14px;line-height:16px;color:rgba(255,255,255,0.7);\">Whatsapp<\/h5><\/div> <!-- header --><\/div><!-- porto-sicon-box --><\/a>[\/vc_column][\/vc_row][vc_row][vc_column][\/vc_column][\/vc_row]<\/p>\n","protected":false},"excerpt":{"rendered":"<p>[vc_row full_width=&#8221;stretch_row_content_no_spaces&#8221; el_id=&#8221;home&#8221;][vc_column offset=&#8221;vc_hidden-xs&#8221;][\/vc_column][\/vc_row][vc_row][vc_column][\/vc_column][\/vc_row][vc_row full_width=&#8221;stretch_row_content_no_spaces&#8221;][vc_column offset=&#8221;vc_hidden-lg vc_hidden-md vc_hidden-sm&#8221;][\/vc_column][\/vc_row][vc_row wrap_container=&#8221;yes&#8221; is_section=&#8221;yes&#8221; section_skin=&#8221;primary&#8221; remove_margin_top=&#8221;yes&#8221; remove_margin_bottom=&#8221;yes&#8221; remove_border=&#8221;yes&#8221; el_id=&#8221;services&#8221; css=&#8221;.vc_custom_1545570607736{padding-top: 90px !important;}&#8221;][vc_column][vc_row_inner][vc_column_inner width=&#8221;1\/2&#8243; animation_delay=&#8221;300&#8243; animation_type=&#8221;fadeInRight&#8221;][vc_single_image image=&#8221;889&#8243; img_size=&#8221;360&#215;300&#8243;][\/vc_column_inner][vc_column_inner width=&#8221;1\/2&#8243; animation_type=&#8221;fadeInUp&#8221;][\/vc_column_inner][\/vc_row_inner][vc_row_inner][vc_column_inner width=&#8221;1\/3&#8243; animation_delay=&#8221;300&#8243; animation_type=&#8221;fadeInRight&#8221;][vc_single_image image=&#8221;893&#8243; img_size=&#8221;360&#215;300&#8243;][\/vc_column_inner][vc_column_inner width=&#8221;1\/3&#8243; animation_type=&#8221;fadeInUp&#8221;][vc_single_image image=&#8221;894&#8243; img_size=&#8221;360&#215;300&#8243;][\/vc_column_inner][vc_column_inner width=&#8221;1\/3&#8243;][vc_single_image image=&#8221;896&#8243; img_size=&#8221;360&#215;300&#8243;][\/vc_column_inner][\/vc_row_inner][\/vc_column][\/vc_row][vc_row content_placement=&#8221;middle&#8221; no_padding=&#8221;yes&#8221; el_id=&#8221;contact&#8221; css=&#8221;.vc_custom_1657993942998{background-color: #3e4a6b !important;}&#8221;][vc_column width=&#8221;1\/6&#8243;][\/vc_column][vc_column width=&#8221;2\/3&#8243;][vc_column_text][\/vc_column_text][vc_column_text css=&#8221;.vc_custom_1658000734624{margin-right: 30px !important;margin-left: 30px !important;}&#8221;][\/vc_column_text][\/vc_column][vc_column width=&#8221;1\/6&#8243;][\/vc_column][\/vc_row][vc_row wrap_container=&#8221;yes&#8221; text_align=&#8221;center&#8221; is_section=&#8221;yes&#8221; section_skin=&#8221;primary&#8221; [&hellip;]<\/p>\n","protected":false},"author":1,"featured_media":0,"parent":0,"menu_order":0,"comment_status":"closed","ping_status":"closed","template":"","meta":{"footnotes":""},"class_list":["post-6","page","type-page","status-publish","hentry"],"yoast_head":"<!-- This site is optimized with the Yoast SEO plugin v19.3 - https:\/\/yoast.com\/wordpress\/plugins\/seo\/ -->\n<title>Amazing Honey - AMAZ\u0130NG HONEY<\/title>\n<meta name=\"description\" content=\"AMAZ\u0130NG HONEY Resmi web adresidir! Bayilik ve toplu al\u0131mlar i\u00e7in bizimle ileti\u015fime ge\u00e7iniz. +90 541 191 91 15\" \/>\n<meta name=\"robots\" content=\"index, follow, max-snippet:-1, max-image-preview:large, max-video-preview:-1\" \/>\n<link rel=\"canonical\" href=\"https:\/\/www.amazinghoney.org\/\" \/>\n<meta property=\"og:locale\" content=\"tr_TR\" \/>\n<meta property=\"og:type\" content=\"article\" \/>\n<meta property=\"og:title\" content=\"AMAZ\u0130NG HONEY RESM\u0130 WEB ADRES\u0130 | OFFICAL PAGE | +90 541 191 91 15\" \/>\n<meta property=\"og:description\" content=\"AMAZ\u0130NG HONEY Resmi web adresidir! Bayilik ve toplu al\u0131mlar i\u00e7in bizimle ileti\u015fime ge\u00e7iniz. +90 541 191 91 15\" \/>\n<meta property=\"og:url\" content=\"https:\/\/www.amazinghoney.org\/\" \/>\n<meta property=\"og:site_name\" content=\"AMAZ\u0130NG HONEY\" \/>\n<meta property=\"article:modified_time\" content=\"2023-06-25T10:21:23+00:00\" \/>\n<meta name=\"twitter:card\" content=\"summary_large_image\" \/>\n<meta name=\"twitter:title\" content=\"AMAZ\u0130NG HONEY RESM\u0130 WEB ADRES\u0130 | OFFICAL PAGE | +90 541 191 91 15\" \/>\n<meta name=\"twitter:description\" content=\"AMAZ\u0130NG HONEY Resmi web adresidir! Bayilik ve toplu al\u0131mlar i\u00e7in bizimle ileti\u015fime ge\u00e7iniz. +90 541 191 91 15\" \/>\n<meta name=\"twitter:label1\" content=\"Est. reading time\" \/>\n\t<meta name=\"twitter:data1\" content=\"2 minutes\" \/>\n<script type=\"application\/ld+json\" class=\"yoast-schema-graph\">{\"@context\":\"https:\/\/schema.org\",\"@graph\":[{\"@type\":\"WebSite\",\"@id\":\"https:\/\/www.amazinghoney.org\/#website\",\"url\":\"https:\/\/www.amazinghoney.org\/\",\"name\":\"AMAZ\u0130NG HONEY\",\"description\":\"AMAZ\u0130NG HONEY OFFICAL WEB SITE | RESM\u0130 WEB ADRES\u0130\",\"potentialAction\":[{\"@type\":\"SearchAction\",\"target\":{\"@type\":\"EntryPoint\",\"urlTemplate\":\"https:\/\/www.amazinghoney.org\/?s={search_term_string}\"},\"query-input\":\"required name=search_term_string\"}],\"inLanguage\":\"tr\"},{\"@type\":\"WebPage\",\"@id\":\"https:\/\/www.amazinghoney.org\/\",\"url\":\"https:\/\/www.amazinghoney.org\/\",\"name\":\"Amazing Honey - AMAZ\u0130NG HONEY\",\"isPartOf\":{\"@id\":\"https:\/\/www.amazinghoney.org\/#website\"},\"datePublished\":\"2018-06-12T07:43:16+00:00\",\"dateModified\":\"2023-06-25T10:21:23+00:00\",\"description\":\"AMAZ\u0130NG HONEY Resmi web adresidir! Bayilik ve toplu al\u0131mlar i\u00e7in bizimle ileti\u015fime ge\u00e7iniz. +90 541 191 91 15\",\"breadcrumb\":{\"@id\":\"https:\/\/www.amazinghoney.org\/#breadcrumb\"},\"inLanguage\":\"tr\",\"potentialAction\":[{\"@type\":\"ReadAction\",\"target\":[\"https:\/\/www.amazinghoney.org\/\"]}]},{\"@type\":\"BreadcrumbList\",\"@id\":\"https:\/\/www.amazinghoney.org\/#breadcrumb\",\"itemListElement\":[{\"@type\":\"ListItem\",\"position\":1,\"name\":\"Anasayfa\",\"item\":\"https:\/\/www.amazinghoney.org\/\"},{\"@type\":\"ListItem\",\"position\":2,\"name\":\"Amazing Honey\"}]}]}<\/script>\n<!-- \/ Yoast SEO plugin. -->","yoast_head_json":{"title":"Amazing Honey - AMAZ\u0130NG HONEY","description":"AMAZ\u0130NG HONEY Resmi web adresidir! Bayilik ve toplu al\u0131mlar i\u00e7in bizimle ileti\u015fime ge\u00e7iniz. +90 541 191 91 15","robots":{"index":"index","follow":"follow","max-snippet":"max-snippet:-1","max-image-preview":"max-image-preview:large","max-video-preview":"max-video-preview:-1"},"canonical":"https:\/\/www.amazinghoney.org\/","og_locale":"tr_TR","og_type":"article","og_title":"AMAZ\u0130NG HONEY RESM\u0130 WEB ADRES\u0130 | OFFICAL PAGE | +90 541 191 91 15","og_description":"AMAZ\u0130NG HONEY Resmi web adresidir! Bayilik ve toplu al\u0131mlar i\u00e7in bizimle ileti\u015fime ge\u00e7iniz. +90 541 191 91 15","og_url":"https:\/\/www.amazinghoney.org\/","og_site_name":"AMAZ\u0130NG HONEY","article_modified_time":"2023-06-25T10:21:23+00:00","twitter_card":"summary_large_image","twitter_title":"AMAZ\u0130NG HONEY RESM\u0130 WEB ADRES\u0130 | OFFICAL PAGE | +90 541 191 91 15","twitter_description":"AMAZ\u0130NG HONEY Resmi web adresidir! Bayilik ve toplu al\u0131mlar i\u00e7in bizimle ileti\u015fime ge\u00e7iniz. +90 541 191 91 15","twitter_misc":{"Est. reading time":"2 minutes"},"schema":{"@context":"https:\/\/schema.org","@graph":[{"@type":"WebSite","@id":"https:\/\/www.amazinghoney.org\/#website","url":"https:\/\/www.amazinghoney.org\/","name":"AMAZ\u0130NG HONEY","description":"AMAZ\u0130NG HONEY OFFICAL WEB SITE | RESM\u0130 WEB ADRES\u0130","potentialAction":[{"@type":"SearchAction","target":{"@type":"EntryPoint","urlTemplate":"https:\/\/www.amazinghoney.org\/?s={search_term_string}"},"query-input":"required name=search_term_string"}],"inLanguage":"tr"},{"@type":"WebPage","@id":"https:\/\/www.amazinghoney.org\/","url":"https:\/\/www.amazinghoney.org\/","name":"Amazing Honey - AMAZ\u0130NG HONEY","isPartOf":{"@id":"https:\/\/www.amazinghoney.org\/#website"},"datePublished":"2018-06-12T07:43:16+00:00","dateModified":"2023-06-25T10:21:23+00:00","description":"AMAZ\u0130NG HONEY Resmi web adresidir! Bayilik ve toplu al\u0131mlar i\u00e7in bizimle ileti\u015fime ge\u00e7iniz. +90 541 191 91 15","breadcrumb":{"@id":"https:\/\/www.amazinghoney.org\/#breadcrumb"},"inLanguage":"tr","potentialAction":[{"@type":"ReadAction","target":["https:\/\/www.amazinghoney.org\/"]}]},{"@type":"BreadcrumbList","@id":"https:\/\/www.amazinghoney.org\/#breadcrumb","itemListElement":[{"@type":"ListItem","position":1,"name":"Anasayfa","item":"https:\/\/www.amazinghoney.org\/"},{"@type":"ListItem","position":2,"name":"Amazing Honey"}]}]}},"_links":{"self":[{"href":"https:\/\/www.amazinghoney.org\/index.php\/wp-json\/wp\/v2\/pages\/6","targetHints":{"allow":["GET"]}}],"collection":[{"href":"https:\/\/www.amazinghoney.org\/index.php\/wp-json\/wp\/v2\/pages"}],"about":[{"href":"https:\/\/www.amazinghoney.org\/index.php\/wp-json\/wp\/v2\/types\/page"}],"author":[{"embeddable":true,"href":"https:\/\/www.amazinghoney.org\/index.php\/wp-json\/wp\/v2\/users\/1"}],"replies":[{"embeddable":true,"href":"https:\/\/www.amazinghoney.org\/index.php\/wp-json\/wp\/v2\/comments?post=6"}],"version-history":[{"count":57,"href":"https:\/\/www.amazinghoney.org\/index.php\/wp-json\/wp\/v2\/pages\/6\/revisions"}],"predecessor-version":[{"id":907,"href":"https:\/\/www.amazinghoney.org\/index.php\/wp-json\/wp\/v2\/pages\/6\/revisions\/907"}],"wp:attachment":[{"href":"https:\/\/www.amazinghoney.org\/index.php\/wp-json\/wp\/v2\/media?parent=6"}],"curies":[{"name":"wp","href":"https:\/\/api.w.org\/{rel}","templated":true}]}}